{"id":9,"date":"2012-07-01T21:46:53","date_gmt":"2012-07-01T21:46:53","guid":{"rendered":"https:\/\/liazatz.com.br\/site\/?page_id=9"},"modified":"2021-09-11T18:32:58","modified_gmt":"2021-09-11T18:32:58","slug":"premiacoes","status":"publish","type":"page","link":"https:\/\/liazatz.com.br\/site\/premiacoes\/","title":{"rendered":"Premia\u00e7\u00f5es"},"content":{"rendered":"<p><!--:pt--><\/p>\n<p><a href=\"https:\/\/liazatz.com.br\/site\/wp-content\/uploads\/2012\/07\/estrela2.jpg\"><img decoding=\"async\" style=\"cursor: default;\" title=\"estrela2\" src=\"https:\/\/liazatz.com.br\/site\/wp-content\/uploads\/2012\/07\/estrela2.jpg\" alt=\"\" \/><\/a> <a href=\"https:\/\/liazatz.com.br\/site\/livros\/surilea-mae-monstrinha\/\"><strong><span style=\"color: #800080;\"><span style=\"font-size: 18px;\"><span style=\"font-family: comic sans ms,cursive;\">Suril\u00e9a-m\u00e3e-monstrinha<\/span><\/span><\/span><\/strong><\/a><\/p>\n<p>Pr\u00eamio APCA (Associa\u00e7\u00e3o Paulista de Cr\u00edticos de Arte) de Melhor Autor de Literatura Infantil<\/p>\n<p>Selo Altamente Recomend\u00e1vel da Funda\u00e7\u00e3o Nacional do Livro Infantil e Juvenil<\/p>\n<p><a href=\"https:\/\/liazatz.com.br\/site\/wp-content\/uploads\/2012\/07\/estrela2.jpg\"><img decoding=\"async\" title=\"estrela2\" src=\"https:\/\/liazatz.com.br\/site\/wp-content\/uploads\/2012\/07\/estrela2.jpg\" alt=\"\" \/><\/a><a href=\"https:\/\/liazatz.com.br\/site\/livros-outros\/joao-x-sultao\/\"><span style=\"color: #800080;\"><span style=\"font-size: 18px;\"><span style=\"font-family: comic sans ms,cursive;\"><strong>Jo\u00e3o X Sult\u00e3o<\/strong><\/span><\/span><\/span><\/a><\/p>\n<p>Selo Altamente Recomend\u00e1vel da Funda\u00e7\u00e3o Nacional do Livro Infantil e Juvenil<\/p>\n<p><a href=\"https:\/\/liazatz.com.br\/site\/wp-content\/uploads\/2012\/07\/estrela2.jpg\"><img decoding=\"async\" title=\"estrela2\" src=\"https:\/\/liazatz.com.br\/site\/wp-content\/uploads\/2012\/07\/estrela2.jpg\" alt=\"\" \/><\/a><a href=\"https:\/\/liazatz.com.br\/site\/livros\/aventura-da-escrita-historia-do-desenho-que-virou-letra-2\/\"><span style=\"color: #800080;\"><span style=\"font-size: 18px;\"><span style=\"font-family: comic sans ms,cursive;\"><strong>Aventura da Escrita &#8211; Hist\u00f3ria do desenho que virou letra<\/strong><\/span><\/span><\/span><\/a><\/p>\n<p>Selo Altamente Recomend\u00e1vel da Funda\u00e7\u00e3o Nacional do Livro Infantil e Juvenil<\/p>\n<p><a href=\"https:\/\/liazatz.com.br\/site\/wp-content\/uploads\/2012\/07\/estrela2.jpg\"><img decoding=\"async\" title=\"estrela2\" src=\"https:\/\/liazatz.com.br\/site\/wp-content\/uploads\/2012\/07\/estrela2.jpg\" alt=\"\" \/><\/a><a href=\"https:\/\/liazatz.com.br\/site\/livros\/galileu-leu\/\"><span style=\"color: #800080;\"><span style=\"font-size: 18px;\"><span style=\"font-family: comic sans ms,cursive;\"><strong>Galileu-Leu<\/strong><\/span><\/span><\/span><\/a><\/p>\n<p>Pr\u00eamio APCA (Associa\u00e7\u00e3o Paulista de Cr\u00edticos de Arte) de Melhor Autor de Literatura Infantil<\/p>\n<p>Selo Altamente Recomend\u00e1vel da Funda\u00e7\u00e3o Nacional do Livro Infantil e Juvenil<\/p>\n<p>Men\u00e7\u00e3o especial no Pr\u00eamio Internacional do Livro Espace Enfants, Su\u00ed\u00e7a<\/p>\n<p><a href=\"https:\/\/liazatz.com.br\/site\/wp-content\/uploads\/2012\/07\/estrela2.jpg\"><img decoding=\"async\" title=\"estrela2\" src=\"https:\/\/liazatz.com.br\/site\/wp-content\/uploads\/2012\/07\/estrela2.jpg\" alt=\"\" \/><\/a><a href=\"https:\/\/liazatz.com.br\/site\/livros\/tarsila\/\"><span style=\"color: #800080;\"><span style=\"font-size: 18px;\"><span style=\"font-family: comic sans ms,cursive;\"><strong>Tarsila<\/strong><\/span><\/span><\/span><\/a><\/p>\n<p>Selo Altamente Recomend\u00e1vel da Funda\u00e7\u00e3o Nacional do Livro Infantil e Juvenil<\/p>\n<p><a href=\"https:\/\/liazatz.com.br\/site\/wp-content\/uploads\/2012\/07\/estrela2.jpg\"><img decoding=\"async\" title=\"estrela2\" src=\"https:\/\/liazatz.com.br\/site\/wp-content\/uploads\/2012\/07\/estrela2.jpg\" alt=\"\" \/><\/a><a href=\"https:\/\/liazatz.com.br\/site\/livros\/lasar-segall-o-pintor-de-almas\/\"><span style=\"color: #800080;\"><span style=\"font-size: 18px;\"><span style=\"font-family: comic sans ms,cursive;\"><strong>Lasar Segall &#8211; O Pintor da Almas<\/strong><\/span><\/span><\/span><\/a><\/p>\n<p>Selo Altamente Recomend\u00e1vel da Funda\u00e7\u00e3o Nacional do Livro Infantil e Juvenil<\/p>\n<p><a href=\"https:\/\/liazatz.com.br\/site\/wp-content\/uploads\/2012\/07\/estrela2.jpg\"><img decoding=\"async\" title=\"estrela2\" src=\"https:\/\/liazatz.com.br\/site\/wp-content\/uploads\/2012\/07\/estrela2.jpg\" alt=\"\" \/><\/a><a href=\"https:\/\/liazatz.com.br\/site\/livros\/dada-bordando-o-cangaco\/\"><span style=\"color: #800080;\"><span style=\"font-size: 18px;\"><span style=\"font-family: comic sans ms,cursive;\"><strong>Dad\u00e1 Bordando o Canga\u00e7o<\/strong><\/span><\/span><\/span><\/a><\/p>\n<p>Selo Altamente Recomend\u00e1vel da Funda\u00e7\u00e3o Nacional do Livro Infantil e Juvenil<\/p>\n<p><a href=\"https:\/\/liazatz.com.br\/site\/wp-content\/uploads\/2012\/07\/estrela2.jpg\"><img decoding=\"async\" title=\"estrela2\" src=\"https:\/\/liazatz.com.br\/site\/wp-content\/uploads\/2012\/07\/estrela2.jpg\" alt=\"\" \/><\/a><a href=\"https:\/\/liazatz.com.br\/site\/livros\/o-cachecol\/\"><span style=\"color: #800080;\"><span style=\"font-size: 18px;\"><span style=\"font-family: comic sans ms,cursive;\"><strong>O Cachecol<\/strong><\/span><\/span><\/span><\/a><\/p>\n<p>Finalista do Pr\u00eamio Jabuti<\/p>\n<p><a href=\"https:\/\/liazatz.com.br\/site\/wp-content\/uploads\/2012\/07\/estrela2.jpg\"><img decoding=\"async\" title=\"estrela2\" src=\"https:\/\/liazatz.com.br\/site\/wp-content\/uploads\/2012\/07\/estrela2.jpg\" alt=\"\" \/><\/a><a href=\"https:\/\/liazatz.com.br\/site\/livros\/pagu\/\"><span style=\"color: #800080;\"><span style=\"font-size: 18px;\"><span style=\"font-family: comic sans ms,cursive;\"><strong>Pagu<\/strong><\/span><\/span><\/span><\/a><\/p>\n<p>Selo Altamente Recomend\u00e1vel da Funda\u00e7\u00e3o Nacional do Livro Infantil e Juvenil<\/p>\n<p><a href=\"https:\/\/liazatz.com.br\/site\/wp-content\/uploads\/2012\/07\/estrela2.jpg\"><img loading=\"lazy\" decoding=\"async\" title=\"estrela2\" src=\"https:\/\/liazatz.com.br\/site\/wp-content\/uploads\/2012\/07\/estrela2.jpg\" alt=\"\" width=\"11\" height=\"11\" \/> <\/a><a href=\"https:\/\/liazatz.com.br\/site\/livros\/colecao-adelia\" target=\"_top\" rel=\"noopener\"><strong><span style=\"color: #800080;\"><span style=\"font-size: 18px;\"><span style=\"font-family: 'comic sans ms', cursive;\">Ad\u00e9lia Cozinheira<\/span><\/span><\/span><\/strong><\/a><\/p>\n<p>Pr\u00eamio Brasileiro de Excel\u00eancia Gr\u00e1fica de melhor livro infanto-juvenil.<\/p>\n<div><\/div>\n<p><a href=\"https:\/\/liazatz.com.br\/site\/wp-content\/uploads\/2012\/07\/estrela2.jpg\"><img decoding=\"async\" style=\"cursor: default;\" title=\"estrela2\" src=\"https:\/\/liazatz.com.br\/site\/wp-content\/uploads\/2012\/07\/estrela2.jpg\" alt=\"\" \/><\/a><a href=\"https:\/\/liazatz.com.br\/site\/livros\/a-menina-que-nao-queria-ser-top-model\/\"><strong><span style=\"color: #800080;\"><span style=\"font-size: 18px;\"><span style=\"font-family: 'comic sans ms', cursive;\">A menina que n\u00e3o queria ser top model<\/span><\/span><\/span><\/strong><\/a><\/p>\n<p>Finalista do Pr\u00eamio Jabuti<\/p>\n<p><a href=\"https:\/\/liazatz.com.br\/site\/wp-content\/uploads\/2012\/07\/estrela2.jpg\"><img decoding=\"async\" title=\"estrela2\" src=\"https:\/\/liazatz.com.br\/site\/wp-content\/uploads\/2012\/07\/estrela2.jpg\" alt=\"\" \/><\/a><span style=\"color: #800080;\"><span style=\"font-size: 18px;\"><span style=\"font-family: comic sans ms,cursive;\"><strong>Frida Kahlo<\/strong><\/span><\/span><\/span><\/p>\n<ul>\n<li>(livro infantil da Editora Callis, de Carmem Le\u00f1ero, com tradu\u00e7\u00e3o de Lia Zatz)<\/li>\n<\/ul>\n<p>Selo Altamente Recomend\u00e1vel da Funda\u00e7\u00e3o Nacional do Livro Infantil e Juvenil na categoria Tradu\u00e7\u00e3o Informativo<\/p>\n<p><a href=\"https:\/\/liazatz.com.br\/site\/wp-content\/uploads\/2012\/07\/estrela2.jpg\"><img decoding=\"async\" title=\"estrela2\" src=\"https:\/\/liazatz.com.br\/site\/wp-content\/uploads\/2012\/07\/estrela2.jpg\" alt=\"\" \/><\/a><span style=\"color: #800080;\"><span style=\"font-size: 18px;\"><span style=\"font-family: comic sans ms,cursive;\"><strong>Aventura da imagem<\/strong><\/span><\/span><\/span><br \/>\nSelo Altamente Recomend\u00e1vel da Funda\u00e7\u00e3o Nacional do Livro Infantil e Juvenil Finalista do Pr\u00eamio Jabuti Literatura Juvenil<\/p>\n<p><!--:--><\/p>\n<p><a href=\"#Topo\"><span class=\"Apple-style-span\" style=\"color: #800080;\">&lt;&lt; VOLTAR PARA O TOPO<\/span><\/a><\/p>\n","protected":false},"excerpt":{"rendered":"<p>Suril\u00e9a-m\u00e3e-monstrinha Pr\u00eamio APCA (Associa\u00e7\u00e3o Paulista de Cr\u00edticos de Arte) de Melhor Autor de Literatura Infantil Selo Altamente Recomend\u00e1vel da Funda\u00e7\u00e3o Nacional do Livro Infantil e Juvenil Jo\u00e3o X Sult\u00e3o Selo Altamente Recomend\u00e1vel da Funda\u00e7\u00e3o Nacional do Livro Infantil e Juvenil Aventura da Escrita &#8211; Hist\u00f3ria do desenho que virou letra Selo Altamente Recomend\u00e1vel da Funda\u00e7\u00e3o [&hellip;]<\/p>\n","protected":false},"author":1,"featured_media":0,"parent":0,"menu_order":4,"comment_status":"closed","ping_status":"closed","template":"full-width.php","meta":{"footnotes":""},"class_list":["post-9","page","type-page","status-publish","hentry"],"_links":{"self":[{"href":"https:\/\/liazatz.com.br\/site\/wp-json\/wp\/v2\/pages\/9","targetHints":{"allow":["GET"]}}],"collection":[{"href":"https:\/\/liazatz.com.br\/site\/wp-json\/wp\/v2\/pages"}],"about":[{"href":"https:\/\/liazatz.com.br\/site\/wp-json\/wp\/v2\/types\/page"}],"author":[{"embeddable":true,"href":"https:\/\/liazatz.com.br\/site\/wp-json\/wp\/v2\/users\/1"}],"replies":[{"embeddable":true,"href":"https:\/\/liazatz.com.br\/site\/wp-json\/wp\/v2\/comments?post=9"}],"version-history":[{"count":30,"href":"https:\/\/liazatz.com.br\/site\/wp-json\/wp\/v2\/pages\/9\/revisions"}],"predecessor-version":[{"id":1449,"href":"https:\/\/liazatz.com.br\/site\/wp-json\/wp\/v2\/pages\/9\/revisions\/1449"}],"wp:attachment":[{"href":"https:\/\/liazatz.com.br\/site\/wp-json\/wp\/v2\/media?parent=9"}],"curies":[{"name":"wp","href":"https:\/\/api.w.org\/{rel}","templated":true}]}}