{"id":420,"date":"2012-12-25T13:18:36","date_gmt":"2012-12-25T13:18:36","guid":{"rendered":"https:\/\/liazatz.com.br\/site\/?page_id=420"},"modified":"2020-08-19T23:01:12","modified_gmt":"2020-08-19T23:01:12","slug":"da-o-pe-xa","status":"publish","type":"page","link":"https:\/\/liazatz.com.br\/site\/livros\/da-o-pe-xa\/","title":{"rendered":"\u2022 D\u00e1 o P\u00e9, X\u00e1!"},"content":{"rendered":"<p>\n\t<!--:pt-->\n<\/p>\n<p style=\"text-align: center; \">\n\t&nbsp;\n<\/p>\n<p style=\"text-align: center; \">\n\t&nbsp;\n<\/p>\n<div style=\"text-align: center; \">\n\t<a href=\"https:\/\/liazatz.com.br\/site\/wp-content\/uploads\/2012\/12\/43.Daope1_.jpg\"><img loading=\"lazy\" decoding=\"async\" alt=\"\" class=\"aligncenter size-full wp-image-614\" height=\"378\" src=\"https:\/\/liazatz.com.br\/site\/wp-content\/uploads\/2012\/12\/43.Daope1_.jpg\" title=\"43.Daope1\" width=\"504\" srcset=\"https:\/\/liazatz.com.br\/site\/wp-content\/uploads\/2012\/12\/43.Daope1_.jpg 504w, https:\/\/liazatz.com.br\/site\/wp-content\/uploads\/2012\/12\/43.Daope1_-300x225.jpg 300w\" sizes=\"auto, (max-width: 504px) 100vw, 504px\" \/><\/a>\n<\/div>\n<div style=\"text-align: center; \">\n<div>\n\t\t(fora de cat&aacute;logo)\n\t<\/div>\n<div>\n\t\tIlustra&ccedil;&otilde;es de Marisa Sena\n\t<\/div>\n<div>\n\t\tProjeto da Pastel Editorial\n\t<\/div>\n<div>\n\t\tPatrocinado pela Editora e Cartonagem Jauense, 1990\n\t<\/div>\n<\/div>\n<div style=\"text-align: center; \">\n\t&nbsp;\n<\/div>\n<div style=\"text-align: center; \">\n\t<font class=\"Apple-style-span\" color=\"#800080\"><b>* * * * *<\/b><\/font>\n<\/div>\n<div>\n<div style=\"text-align: center; \">\n<div>\n\t\t\t&nbsp;\n\t\t<\/div>\n<p>\n\t\t\t<a href=\"https:\/\/liazatz.com.br\/site\/wp-content\/uploads\/2012\/12\/43.Daope2_.jpg\"><img loading=\"lazy\" decoding=\"async\" alt=\"\" class=\"aligncenter size-full wp-image-615\" height=\"378\" src=\"https:\/\/liazatz.com.br\/site\/wp-content\/uploads\/2012\/12\/43.Daope2_.jpg\" title=\"43.Daope2\" width=\"514\" srcset=\"https:\/\/liazatz.com.br\/site\/wp-content\/uploads\/2012\/12\/43.Daope2_.jpg 514w, https:\/\/liazatz.com.br\/site\/wp-content\/uploads\/2012\/12\/43.Daope2_-300x220.jpg 300w\" sizes=\"auto, (max-width: 514px) 100vw, 514px\" \/><\/a>\n\t\t<\/p>\n<\/p><\/div>\n<div style=\"text-align: center; \">\n<p>\n\t\t\t&nbsp;\n\t\t<\/p>\n<p>\n\t\t\t&ldquo;Alegre brincadeira do menino Z&eacute;, sua av&oacute;, seu av&ocirc; e sua papagaia, X&aacute;, esta &eacute; narrada atrav&eacute;s de um pitoresco jogo de palavras, ritmos e imagens que oferece aos pequenos leitores m&uacute;ltiplas sugest&otilde;es de se engajarem na leitura. Desenhos de Marisa Cena (em linhas ou massas de cor preta, aqui e ali circundadas de vermelho) geram o dinamismo visual que refor&ccedil;a as situa&ccedil;&otilde;es propostas pelo texto&rdquo; <em>(Nelly Novaes Coelho, &ldquo;Dicion&aacute;rio cr&iacute;tico da literatura infantil e juvenil brasileira&rdquo;, Edusp).<\/em>\n\t\t<\/p>\n<div>\n\t\t\t&nbsp;\n\t\t<\/div>\n<div>\n\t\t\t&nbsp;\n\t\t<\/div>\n<div>\n<p style=\"text-align: center; \">\n\t\t\t\t<font class=\"Apple-style-span\" color=\"#800080\"><b><a href=\"https:\/\/liazatz.com.br\/site\/wp-content\/uploads\/2012\/07\/divisoria11.jpg\"><img loading=\"lazy\" decoding=\"async\" alt=\"\" class=\"alignnone size-full wp-image-57\" height=\"31\" src=\"https:\/\/liazatz.com.br\/site\/wp-content\/uploads\/2012\/07\/divisoria11.jpg\" style=\"cursor: default; float: left;\" title=\"divisoria1\" width=\"546\" srcset=\"https:\/\/liazatz.com.br\/site\/wp-content\/uploads\/2012\/07\/divisoria11.jpg 546w, https:\/\/liazatz.com.br\/site\/wp-content\/uploads\/2012\/07\/divisoria11-300x17.jpg 300w\" sizes=\"auto, (max-width: 546px) 100vw, 546px\" \/><\/a><\/b><\/font>\n\t\t\t<\/p>\n<p>\n\t\t\t\t&nbsp;\n\t\t\t<\/p>\n<p>\n\t\t\t\t&nbsp;\n\t\t\t<\/p>\n<p>\n\t\t\t\t&nbsp;\n\t\t\t<\/p>\n<\/p><\/div>\n<p style=\"text-align: left;\">\n\t\t\t<a href=\"#Topo\"><font class=\"Apple-style-span\" color=\"#800080\">&lt;&lt; VOLTAR PARA O TOPO<\/font><\/a>\n\t\t<\/p>\n<p>\n\t\t\t&nbsp;\n\t\t<\/p>\n<p>\n\t\t\t&nbsp;\n\t\t<\/p>\n<\/p><\/div>\n<\/div>\n<p>\n\t&nbsp;\n<\/p>\n<p>\n\t<!--:--><\/p>\n","protected":false},"excerpt":{"rendered":"<p>&nbsp; &nbsp; (fora de cat&aacute;logo) Ilustra&ccedil;&otilde;es de Marisa Sena Projeto da Pastel Editorial Patrocinado pela Editora e Cartonagem Jauense, 1990 &nbsp; * * * * * &nbsp; &nbsp; &ldquo;Alegre brincadeira do menino Z&eacute;, sua av&oacute;, seu av&ocirc; e sua papagaia, X&aacute;, esta &eacute; narrada atrav&eacute;s de um pitoresco jogo de palavras, ritmos e imagens que [&hellip;]<\/p>\n","protected":false},"author":1,"featured_media":0,"parent":7,"menu_order":0,"comment_status":"closed","ping_status":"closed","template":"","meta":{"footnotes":""},"class_list":["post-420","page","type-page","status-publish","hentry"],"_links":{"self":[{"href":"https:\/\/liazatz.com.br\/site\/wp-json\/wp\/v2\/pages\/420","targetHints":{"allow":["GET"]}}],"collection":[{"href":"https:\/\/liazatz.com.br\/site\/wp-json\/wp\/v2\/pages"}],"about":[{"href":"https:\/\/liazatz.com.br\/site\/wp-json\/wp\/v2\/types\/page"}],"author":[{"embeddable":true,"href":"https:\/\/liazatz.com.br\/site\/wp-json\/wp\/v2\/users\/1"}],"replies":[{"embeddable":true,"href":"https:\/\/liazatz.com.br\/site\/wp-json\/wp\/v2\/comments?post=420"}],"version-history":[{"count":9,"href":"https:\/\/liazatz.com.br\/site\/wp-json\/wp\/v2\/pages\/420\/revisions"}],"predecessor-version":[{"id":613,"href":"https:\/\/liazatz.com.br\/site\/wp-json\/wp\/v2\/pages\/420\/revisions\/613"}],"up":[{"embeddable":true,"href":"https:\/\/liazatz.com.br\/site\/wp-json\/wp\/v2\/pages\/7"}],"wp:attachment":[{"href":"https:\/\/liazatz.com.br\/site\/wp-json\/wp\/v2\/media?parent=420"}],"curies":[{"name":"wp","href":"https:\/\/api.w.org\/{rel}","templated":true}]}}