{"id":384,"date":"2012-12-23T22:43:04","date_gmt":"2012-12-23T22:43:04","guid":{"rendered":"https:\/\/liazatz.com.br\/site\/?page_id=384"},"modified":"2021-09-11T19:02:48","modified_gmt":"2021-09-11T19:02:48","slug":"pagu","status":"publish","type":"page","link":"https:\/\/liazatz.com.br\/site\/livros\/pagu\/","title":{"rendered":"\u2022 Pagu"},"content":{"rendered":"<p><!--:pt--><\/p>\n<p style=\"text-align: center;\"><a href=\"https:\/\/liazatz.com.br\/site\/wp-content\/uploads\/2012\/12\/18.Pagu1_.jpg\"><img loading=\"lazy\" decoding=\"async\" class=\"aligncenter size-full wp-image-536\" title=\"18.Pagu1\" src=\"https:\/\/liazatz.com.br\/site\/wp-content\/uploads\/2012\/12\/18.Pagu1_.jpg\" alt=\"\" width=\"236\" height=\"328\" srcset=\"https:\/\/liazatz.com.br\/site\/wp-content\/uploads\/2012\/12\/18.Pagu1_.jpg 236w, https:\/\/liazatz.com.br\/site\/wp-content\/uploads\/2012\/12\/18.Pagu1_-215x300.jpg 215w\" sizes=\"auto, (max-width: 236px) 100vw, 236px\" \/><\/a><\/p>\n<div style=\"text-align: center;\">\n<div>Projeto gr\u00e1fico de Camila Mesquita<\/div>\n<div>Cole\u00e7\u00e3o &#8220;A luta de cada um&#8221;, Editora Callis, 2005<\/div>\n<div>96 p\u00e1ginas<\/div>\n<\/div>\n<div style=\"text-align: center;\"><\/div>\n<div style=\"text-align: center;\"><span class=\"Apple-style-span\" style=\"color: #800080;\"><b>* * * * *<\/b><\/span><\/div>\n<div style=\"text-align: center;\"><\/div>\n<div>\n<div style=\"text-align: center;\">\n<div>Selo Altamente Recomend\u00e1vel<\/div>\n<div>da Funda\u00e7\u00e3o Nacional do Livro Infantil e Juvenil<\/div>\n<\/div>\n<div style=\"text-align: center;\"><\/div>\n<div style=\"text-align: center;\">\n<div style=\"text-align: center;\"><span class=\"Apple-style-span\" style=\"color: #800080;\"><b>* * * * *<\/b><\/span><\/div>\n<\/div>\n<div style=\"text-align: center;\">\n<div><a href=\"https:\/\/liazatz.com.br\/site\/wp-content\/uploads\/2012\/12\/18.Pagu2_.jpg\"><img loading=\"lazy\" decoding=\"async\" class=\"aligncenter size-full wp-image-537\" title=\"18.Pagu2\" src=\"https:\/\/liazatz.com.br\/site\/wp-content\/uploads\/2012\/12\/18.Pagu2_.jpg\" alt=\"\" width=\"384\" height=\"280\" srcset=\"https:\/\/liazatz.com.br\/site\/wp-content\/uploads\/2012\/12\/18.Pagu2_.jpg 384w, https:\/\/liazatz.com.br\/site\/wp-content\/uploads\/2012\/12\/18.Pagu2_-300x218.jpg 300w\" sizes=\"auto, (max-width: 384px) 100vw, 384px\" \/><\/a><\/p>\n<p>O livro Pagu faz parte da cole\u00e7\u00e3o &#8220;A luta de cada um&#8221;, formada por romances juvenis sobre a vida de mulheres e homens que sonharam com um mundo melhor. Pagu foi uma personalidade pol\u00eamica da sociedade brasileira da primeira metade do s\u00e9culo 20. Ousada e com id\u00e9ias avan\u00e7adas, causou esc\u00e2ndalos na cidade de S\u00e3o Paulo ao envolver-se com importantes artistas,\u00a0al\u00e9m de participar do Partido Comunista e defender direitos iguais para as mulheres. Neste livro, sua hist\u00f3ria \u00e9 contada por uma catadora de papel que muda sua maneira de enxergar a vida depois que encontra no lixo pastas e cadernos com documentos, anota\u00e7\u00f5es e fotografias de Patr\u00edcia Galv\u00e3o, a famosa Pagu.<\/p>\n<p><span class=\"Apple-style-span\" style=\"color: #800080;\"><b>* * * * *<\/b><\/span><\/p>\n<p><a href=\"https:\/\/liazatz.com.br\/site\/wp-content\/uploads\/2012\/07\/estrela2.jpg\"><img decoding=\"async\" title=\"estrela2\" src=\"https:\/\/liazatz.com.br\/site\/wp-content\/uploads\/2012\/07\/estrela2.jpg\" alt=\"\" \/><\/a><strong><span style=\"color: #800080;\"><span style=\"font-size: 18px;\"><span style=\"font-family: 'comic sans ms', cursive;\">Entrevista sobre o livro \u201cPagu\u201d, para R\u00e1dio USP<\/span><\/span><\/span><\/strong><\/p>\n<p><a href=\"https:\/\/liazatz.com.br\/site\/wp-content\/uploads\/2012\/09\/Pagu-entrevista_Radio_USP-0511141.wma\" target=\"blank\" rel=\"noopener\">Clique aqui para baixar o \u00e1udio.<\/a><\/p>\n<\/div>\n<div>\n<p style=\"text-align: left;\"><span class=\"Apple-style-span\" style=\"color: #800080;\"><b><a href=\"https:\/\/liazatz.com.br\/site\/wp-content\/uploads\/2012\/07\/divisoria11.jpg\"><img loading=\"lazy\" decoding=\"async\" class=\"alignnone size-full wp-image-57\" style=\"cursor: default;\" title=\"divisoria1\" src=\"https:\/\/liazatz.com.br\/site\/wp-content\/uploads\/2012\/07\/divisoria11.jpg\" alt=\"\" width=\"546\" height=\"31\" srcset=\"https:\/\/liazatz.com.br\/site\/wp-content\/uploads\/2012\/07\/divisoria11.jpg 546w, https:\/\/liazatz.com.br\/site\/wp-content\/uploads\/2012\/07\/divisoria11-300x17.jpg 300w\" sizes=\"auto, (max-width: 546px) 100vw, 546px\" \/><\/a><\/b><\/span><\/p>\n<\/div>\n<\/div>\n<\/div>\n<p><a href=\"#Topo\"><span class=\"Apple-style-span\" style=\"color: #800080;\">&lt;&lt; VOLTAR PARA O TOPO<\/span><\/a><\/p>\n<p><!--:--><\/p>\n","protected":false},"excerpt":{"rendered":"<p>Projeto gr\u00e1fico de Camila Mesquita Cole\u00e7\u00e3o &#8220;A luta de cada um&#8221;, Editora Callis, 2005 96 p\u00e1ginas * * * * * Selo Altamente Recomend\u00e1vel da Funda\u00e7\u00e3o Nacional do Livro Infantil e Juvenil * * * * * O livro Pagu faz parte da cole\u00e7\u00e3o &#8220;A luta de cada um&#8221;, formada por romances juvenis sobre a [&hellip;]<\/p>\n","protected":false},"author":1,"featured_media":0,"parent":7,"menu_order":0,"comment_status":"closed","ping_status":"closed","template":"","meta":{"footnotes":""},"class_list":["post-384","page","type-page","status-publish","hentry"],"_links":{"self":[{"href":"https:\/\/liazatz.com.br\/site\/wp-json\/wp\/v2\/pages\/384","targetHints":{"allow":["GET"]}}],"collection":[{"href":"https:\/\/liazatz.com.br\/site\/wp-json\/wp\/v2\/pages"}],"about":[{"href":"https:\/\/liazatz.com.br\/site\/wp-json\/wp\/v2\/types\/page"}],"author":[{"embeddable":true,"href":"https:\/\/liazatz.com.br\/site\/wp-json\/wp\/v2\/users\/1"}],"replies":[{"embeddable":true,"href":"https:\/\/liazatz.com.br\/site\/wp-json\/wp\/v2\/comments?post=384"}],"version-history":[{"count":10,"href":"https:\/\/liazatz.com.br\/site\/wp-json\/wp\/v2\/pages\/384\/revisions"}],"predecessor-version":[{"id":1453,"href":"https:\/\/liazatz.com.br\/site\/wp-json\/wp\/v2\/pages\/384\/revisions\/1453"}],"up":[{"embeddable":true,"href":"https:\/\/liazatz.com.br\/site\/wp-json\/wp\/v2\/pages\/7"}],"wp:attachment":[{"href":"https:\/\/liazatz.com.br\/site\/wp-json\/wp\/v2\/media?parent=384"}],"curies":[{"name":"wp","href":"https:\/\/api.w.org\/{rel}","templated":true}]}}